{"id":1219,"date":"2023-06-23T11:24:04","date_gmt":"2023-06-23T09:24:04","guid":{"rendered":"https:\/\/ristorante.ilnazionale.com\/visitez-nous\/"},"modified":"2026-05-11T15:28:54","modified_gmt":"2026-05-11T13:28:54","slug":"visitez-nous","status":"publish","type":"page","link":"https:\/\/ristorante.ilnazionale.com\/fr\/visitez-nous\/","title":{"rendered":"Comment nous joindre"},"content":{"rendered":"<h4>Comment nous joindre<\/h4>\n<p><iframe style=\"border: 0;\" src=\"https:\/\/www.google.com\/maps\/embed?pb=!1m18!1m12!1m3!1d2858.2150040523575!2d7.533529799999998!3d44.2438177!2m3!1f0!2f0!3f0!3m2!1i1024!2i768!4f13.1!3m3!1m2!1s0x12cd715d11df8023%3A0xbefb76d4ccc0bb56!2sVia%20Cavour%2C%2060%2C%2012019%20Vernante%20CN!5e0!3m2!1sit!2sit!4v1687512300133!5m2!1sit!2sit\" width=\"600\" height=\"450\" allowfullscreen=\"allowfullscreen\"><\/iframe><\/p>\n<p><strong>The National<\/strong><br \/>Via Cavour, 60 &#8211; Vernante (CN)<br \/><a href=\"mailto:info@ilnazionale.com\">info@ilnazionale.com<\/a><br \/>Tel. <a href=\"tel:+39%200171%20920181\">+39 0171 920181<\/a><\/p>\n<p><strong>Mercredi : ferm\u00e9*<\/strong><\/p>\n<p><strong>Lundis, mardis et <\/strong><strong>jeudis<\/strong><strong>:<\/strong><br \/>de 19 h 30 \u00e0 22 h 30<\/p>\n<p><strong>Vendredi, samedi et dimanche :<\/strong><br \/>de 12 h 30 \u00e0 14 h 30<br \/>de 19 h 30 \u00e0 22 h 30<\/p>\n<p><a href=\"https:\/\/ristorante.ilnazionale.com\/fr\/prenota\/\"><br \/>R\u00e9server<br \/><\/a><\/p>\n\n<p><\/p>\n","protected":false},"excerpt":{"rendered":"<p>Comment nous joindre The NationalVia Cavour, 60 &#8211; Vernante (CN)info@ilnazionale.comTel. +39 0171 920181 Mercredi : ferm\u00e9* Lundis, mardis et jeudis:de 19 h 30 \u00e0 22 h 30 Vendredi, samedi et dimanche :de 12 h 30 \u00e0 14 h 30de 19 h 30 \u00e0 22 h 30 R\u00e9server<\/p>\n","protected":false},"author":2,"featured_media":0,"parent":0,"menu_order":0,"comment_status":"closed","ping_status":"closed","template":"","meta":{"_acf_changed":false,"footnotes":""},"class_list":["post-1219","page","type-page","status-publish","hentry"],"acf":[],"_links":{"self":[{"href":"https:\/\/ristorante.ilnazionale.com\/fr\/wp-json\/wp\/v2\/pages\/1219","targetHints":{"allow":["GET"]}}],"collection":[{"href":"https:\/\/ristorante.ilnazionale.com\/fr\/wp-json\/wp\/v2\/pages"}],"about":[{"href":"https:\/\/ristorante.ilnazionale.com\/fr\/wp-json\/wp\/v2\/types\/page"}],"author":[{"embeddable":true,"href":"https:\/\/ristorante.ilnazionale.com\/fr\/wp-json\/wp\/v2\/users\/2"}],"replies":[{"embeddable":true,"href":"https:\/\/ristorante.ilnazionale.com\/fr\/wp-json\/wp\/v2\/comments?post=1219"}],"version-history":[{"count":8,"href":"https:\/\/ristorante.ilnazionale.com\/fr\/wp-json\/wp\/v2\/pages\/1219\/revisions"}],"predecessor-version":[{"id":1251,"href":"https:\/\/ristorante.ilnazionale.com\/fr\/wp-json\/wp\/v2\/pages\/1219\/revisions\/1251"}],"wp:attachment":[{"href":"https:\/\/ristorante.ilnazionale.com\/fr\/wp-json\/wp\/v2\/media?parent=1219"}],"curies":[{"name":"wp","href":"https:\/\/api.w.org\/{rel}","templated":true}]}}